{"id":34750,"date":"2024-05-31T12:17:46","date_gmt":"2024-05-31T05:17:46","guid":{"rendered":"https:\/\/nhathuongfoods.com\/home-grocery\/"},"modified":"2025-10-04T09:15:06","modified_gmt":"2025-10-04T02:15:06","slug":"home-grocery","status":"publish","type":"page","link":"https:\/\/nhathuongfoods.com\/en\/","title":{"rendered":"C\u01a1 s\u1edf s\u1ea3n xu\u1ea5t hi\u1ec7n \u0111\u1ea1i"},"content":{"rendered":"\n<div id=\"wd-54921c99\" class=\"wp-block-wd-slider wd-slider wd-carousel-container wd-anim-fade wd-stretched\"><div class=\"wd-carousel-inner\"><div class=\"wd-carousel wd-grid\" data-effect=\"fade\" data-wrap=\"yes\" data-autoheight=\"yes\" data-sliding_speed=\"700\" style=\"--wd-col-lg:1;--wd-col-md:1;--wd-col-sm:1\" data-autoplay=\"yes\" data-speed=\"25000\"><div class=\"wd-carousel-wrap\">\n<div id=\"wd-4b8afb76\" class=\"wp-block-wd-slider-item wd-slide wd-carousel-item color-scheme-light wd-bg-parent wd-lazy-bg\"><div class=\"wd-bg-overlay\"><\/div><div class=\"wd-slide-container\">\n<div id=\"wd-a49702c6\" class=\"wp-block-wd-row wd-custom-width\">\n<div id=\"wd-7cede5b8\" class=\"wp-block-wd-column wd-align\">\n<p id=\"wd-09058d02\" class=\"wp-block-wd-paragraph wd-animation wd-transform wd-animation-slide-from-bottom wd_delay_200\"><\/p>\n\n\n\n<h2 id=\"wd-3841c49f\" class=\"wp-block-wd-title title wd-align wd-animation wd-transform wd-animation-slide-from-bottom wd_delay_300 wd-custom-width wd-align-s-center\">Bringing Vietnam\u2019s Culinary Essence to the World<\/h2>\n\n\n\n<p id=\"wd-ecfc297e\" class=\"wp-block-wd-paragraph wd-align wd-hide-sm wd-animation wd-transform wd-animation-slide-from-bottom wd_delay_400 wd-custom-width wd-align-s-center\"><strong>The Essence of Vietnamese Rice \u2013 From Family Kitchens to Tables Around the World<\/strong><\/p>\n<\/div>\n<\/div>\n\n\n\n<div id=\"wd-d22fc923\" class=\"wp-block-wd-container wd-dir-row wd-align\">\n<a id=\"wd-a5794960\" class=\"wp-block-wd-button btn btn-style-default btn-color-primary btn-size-default btn-shape-round wd-animation wd-transform wd-animation-slide-from-bottom wd_delay_500 wd-align-s-center\" href=\"#wd-637f3492\"><span>ABOUT US<\/span><\/a>\n\n\n\n<a id=\"wd-970fee61\" class=\"wp-block-wd-button btn btn-style-bordered btn-color-primary btn-size-default btn-shape-round wd-animation wd-transform wd-animation-slide-from-bottom wd_delay_500 wd-align-s-center\" rel=\"noreferrer noopener\" href=\"https:\/\/drive.google.com\/drive\/folders\/136UFitw0WAjznrb1I_j7Z5FPXylTx4rA?usp=sharing\" target=\"_blank\"><span>Download Category<\/span><\/a>\n<\/div>\n\n\n\n<div id=\"wd-603d719e\" class=\"wp-block-wd-row wd-custom-width\">\n<div id=\"wd-3fac4a1b\" class=\"wp-block-wd-column\">\n<h2 id=\"wd-3c1034a0\" class=\"wp-block-wd-title title wd-align\">More than<\/h2>\n\n\n\n<p class=\"has-text-align-center has-medium-font-size\">20 Countries<\/p>\n<\/div>\n\n\n\n<div id=\"wd-7e0071d6\" class=\"wp-block-wd-column\">\n<h2 id=\"wd-550936f1\" class=\"wp-block-wd-title title wd-align\">Trusted for<\/h2>\n\n\n\n<p class=\"has-text-align-center has-medium-font-size\">Over 15 years<\/p>\n<\/div>\n\n\n\n<div id=\"wd-cfe448a6\" class=\"wp-block-wd-column\">\n<h2 id=\"wd-cf28a78e\" class=\"wp-block-wd-title title wd-align\">Partnering with <\/h2>\n\n\n\n<p class=\"has-text-align-center has-medium-font-size\">100+ partners<\/p>\n<\/div>\n\n\n\n<div id=\"wd-e1fdf381\" class=\"wp-block-wd-column\">\n<h2 id=\"wd-b957dc74\" class=\"wp-block-wd-title title wd-align\">FSSC,ISO<\/h2>\n\n\n\n<p class=\"has-text-align-center has-medium-font-size\">Certificate<\/p>\n<\/div>\n<\/div>\n<\/div><div class=\"wd-slide-bg wd-fill\"><\/div><\/div>\n<\/div><\/div><div class=\"wd-nav-arrows wd-slider-arrows wd-custom-style wd-pos-sep wd-style-1 color-scheme-light wd-hover-1\"><div class=\"wd-btn-arrow wd-prev\"><div class=\"wd-arrow-inner\"><\/div><\/div><div class=\"wd-btn-arrow wd-next\"><div class=\"wd-arrow-inner\"><\/div><\/div><\/div><\/div><\/div>\n\n\n\n<div id=\"wd-4a8d1a2b\" class=\"wp-block-wd-section wd-hide-sm wd-lazy-bg\">\n<h2 id=\"wd-637f3492\" class=\"wp-block-wd-title title wd-align wd-animation wd-transform wd-animation-slide-from-bottom wd_delay_100\">A Reliable Partner You Can Trust in Vietnamese Food Exports<\/h2>\n\n\n\n<p class=\"has-text-align-center has-medium-font-size\">Delivering Authentic Vietnamese Flavors to Global Markets with Superior Quality and Trusted Collaboration<\/p>\n\n\n\n<div id=\"wd-fc7b7d86\" class=\"wp-block-wd-row\">\n<div id=\"wd-82d5d0e7\" class=\"wp-block-wd-column wd-animation wd-transform wd-animation-slide-from-bottom wd_delay_100\">\n<div id=\"wd-a86fe192\" class=\"wp-block-wd-image wd-block-image\"><img loading=\"lazy\" decoding=\"async\" width=\"1536\" height=\"1024\" class=\"wp-image-34552\" src=\"https:\/\/nhathuongfoods.com\/wp-content\/themes\/woodmart\/images\/lazy.svg\" data-src=\"https:\/\/nhathuongfoods.com\/wp-content\/uploads\/2025\/06\/ChatGPT-Image-Jun-19-2025-02_54_00-PM.png\" alt=\"\" srcset=\"\" data-srcset=\"https:\/\/nhathuongfoods.com\/wp-content\/uploads\/2025\/06\/ChatGPT-Image-Jun-19-2025-02_54_00-PM.png 1536w, https:\/\/nhathuongfoods.com\/wp-content\/uploads\/2025\/06\/ChatGPT-Image-Jun-19-2025-02_54_00-PM-400x267.png 400w, https:\/\/nhathuongfoods.com\/wp-content\/uploads\/2025\/06\/ChatGPT-Image-Jun-19-2025-02_54_00-PM-1200x800.png 1200w, https:\/\/nhathuongfoods.com\/wp-content\/uploads\/2025\/06\/ChatGPT-Image-Jun-19-2025-02_54_00-PM-768x512.png 768w, https:\/\/nhathuongfoods.com\/wp-content\/uploads\/2025\/06\/ChatGPT-Image-Jun-19-2025-02_54_00-PM-700x467.png 700w, https:\/\/nhathuongfoods.com\/wp-content\/uploads\/2025\/06\/ChatGPT-Image-Jun-19-2025-02_54_00-PM-150x100.png 150w\" sizes=\"auto, (max-width: 1536px) 100vw, 1536px\" \/><\/div>\n<\/div>\n\n\n\n<div id=\"wd-af36ec24\" class=\"wp-block-wd-column wd-animation wd-transform wd-animation-slide-from-bottom wd_delay_100\">\n<h2 id=\"wd-1a8f206d\" class=\"wp-block-wd-title title\"><strong>Modern Production Facility<\/strong><\/h2>\n\n\n\n<p id=\"wd-97355a03\" class=\"wp-block-wd-paragraph wd-align\">Through continuous technological innovation and strict management in the finished-product stage, we consistently deliver to our customers products that ensure the highest standards of food safety and quality<\/p>\n\n\n\n<h2 id=\"wd-addf004b\" class=\"wp-block-wd-title title\"><strong>Global Distribution Network<\/strong><\/h2>\n\n\n\n<p id=\"wd-f7e592b2\" class=\"wp-block-wd-paragraph wd-align\">With two decades of experience in the F&amp;B industry, Nh\u1ea5t H\u01b0\u01a1ng has built strong partnerships and expanded collaborations with distributors and retailers in over 20 countries worldwide<\/p>\n\n\n\n<h2 id=\"wd-0af06ab0\" class=\"wp-block-wd-title title\"><strong>International Certificate<\/strong><\/h2>\n\n\n\n<p id=\"wd-822e38e9\" class=\"wp-block-wd-paragraph wd-align\">Our products are certified to ISO 22000:2018, FSSC 22000, HACCP standards, along with other internationally recognized food safety and hygiene certifications<\/p>\n<\/div>\n<\/div>\n<\/div>\n\n\n\n<div id=\"wd-0a798a29\" class=\"wp-block-wd-section wd-hide-lg wd-hide-md-sm\">\n<h2 id=\"wd-f7a5c180\" class=\"wp-block-wd-title title wd-align\">\u0110\u1ed1i T\u00e1c Tin C\u1eady C\u1ee7a B\u1ea1n <br>Trong L\u0129nh V\u1ef1c Xu\u1ea5t Kh\u1ea9u Th\u1ef1c Ph\u1ea9m Vi\u1ec7t Nam<\/h2>\n\n\n\n<p class=\"has-text-align-center\">K\u1ebft n\u1ed1i h\u01b0\u01a1ng v\u1ecb Vi\u1ec7t \u0111\u00edch th\u1ef1c \u0111\u1ebfn th\u1ecb tr\u01b0\u1eddng to\u00e0n c\u1ea7u th\u00f4ng qua nh\u1eefng s\u1ea3n ph\u1ea9m ch\u1ea5t l\u01b0\u1ee3ng cao v\u00e0 s\u1ef1 h\u1ee3p t\u00e1c \u0111\u00e1ng tin c\u1eady.<\/p>\n\n\n\n<div id=\"wd-c66b8bed\" class=\"wp-block-wd-row\">\n<div id=\"wd-7bd3d6f3\" class=\"wp-block-wd-column\">\n<div id=\"wd-d59c07f6\" class=\"wp-block-wd-image wd-block-image\"><img loading=\"lazy\" decoding=\"async\" width=\"1536\" height=\"1024\" class=\"wp-image-34552\" src=\"https:\/\/nhathuongfoods.com\/wp-content\/themes\/woodmart\/images\/lazy.svg\" data-src=\"https:\/\/nhathuongfoods.com\/wp-content\/uploads\/2025\/06\/ChatGPT-Image-Jun-19-2025-02_54_00-PM.png\" alt=\"\" srcset=\"\" data-srcset=\"https:\/\/nhathuongfoods.com\/wp-content\/uploads\/2025\/06\/ChatGPT-Image-Jun-19-2025-02_54_00-PM.png 1536w, https:\/\/nhathuongfoods.com\/wp-content\/uploads\/2025\/06\/ChatGPT-Image-Jun-19-2025-02_54_00-PM-400x267.png 400w, https:\/\/nhathuongfoods.com\/wp-content\/uploads\/2025\/06\/ChatGPT-Image-Jun-19-2025-02_54_00-PM-1200x800.png 1200w, https:\/\/nhathuongfoods.com\/wp-content\/uploads\/2025\/06\/ChatGPT-Image-Jun-19-2025-02_54_00-PM-768x512.png 768w, https:\/\/nhathuongfoods.com\/wp-content\/uploads\/2025\/06\/ChatGPT-Image-Jun-19-2025-02_54_00-PM-700x467.png 700w, https:\/\/nhathuongfoods.com\/wp-content\/uploads\/2025\/06\/ChatGPT-Image-Jun-19-2025-02_54_00-PM-150x100.png 150w\" sizes=\"auto, (max-width: 1536px) 100vw, 1536px\" \/><\/div>\n<\/div>\n\n\n\n<div id=\"wd-2a2534fc\" class=\"wp-block-wd-column\">\n<h2 id=\"wd-c1e6fed4\" class=\"wp-block-wd-title title\">C\u01a1 s\u1edf s\u1ea3n xu\u1ea5t hi\u1ec7n \u0111\u1ea1i<\/h2>\n\n\n\n<p id=\"wd-04fd6061\" class=\"wp-block-wd-paragraph wd-align\">Li\u00ean&nbsp;t\u1ee5c&nbsp;c\u1ea3i&nbsp;ti\u1ebfn&nbsp;c\u00f4ng&nbsp;ngh\u1ec7&nbsp;v\u00e0&nbsp;qu\u1ea3n&nbsp;l\u00fd&nbsp;nghi\u00eam&nbsp;ng\u1eb7t&nbsp;trong&nbsp;giai&nbsp;\u0111o\u1ea1n&nbsp;s\u1ea3n&nbsp;xu\u1ea5t&nbsp;th\u00e0nhph\u1ea9m, lu\u00f4n&nbsp;mang&nbsp;\u0111\u1ebfn&nbsp;cho&nbsp;kh\u00e1ch&nbsp;h\u00e0ng&nbsp;nh\u1eefng&nbsp;s\u1ea3n&nbsp;ph\u1ea9m&nbsp;\u0111\u1ea3m&nbsp;b\u1ea3o an to\u00e0n&nbsp;th\u1ef1c&nbsp;ph\u1ea9m&nbsp;v\u00e0&nbsp;ch\u1ea5t&nbsp;l\u01b0\u1ee3ng&nbsp;nh\u1ea5t<\/p>\n\n\n\n<h2 id=\"wd-2f4cface\" class=\"wp-block-wd-title title\">M\u1ea1ng l\u01b0\u1edbi ph\u00e2n ph\u1ed1i to\u00e0n c\u1ea7u<\/h2>\n\n\n\n<p id=\"wd-a244a82d\" class=\"wp-block-wd-paragraph wd-align\">V\u1edbi 2 th\u1eadp&nbsp;k\u1ec9&nbsp;trong&nbsp;ng\u00e0nh F&amp;B, h\u1ea5t&nbsp;H\u01b0\u01a1ng&nbsp;\u0111\u00e3&nbsp;thi\u1ebft&nbsp;l\u1eadp&nbsp;m\u1ed1i&nbsp;quan&nbsp;h\u1ec7&nbsp;\u0111\u1ed1i&nbsp;t\u00e1c&nbsp;v\u00e0&nbsp;ph\u00e1t&nbsp;tri\u1ec3n&nbsp;v\u1edbi&nbsp;c\u00e1c&nbsp;nh\u00e0&nbsp;ph\u00e2n&nbsp;ph\u1ed1i&nbsp;v\u00e0&nbsp;nh\u00e0&nbsp;b\u00e1n&nbsp;l\u1ebb&nbsp;t\u1ea1i&nbsp;h\u01a1n 20 qu\u1ed1c&nbsp;gia&nbsp;tr\u00ean&nbsp;to\u00e0n&nbsp;th\u1ebf&nbsp;gi\u1edbi<\/p>\n\n\n\n<h2 id=\"wd-d79200e0\" class=\"wp-block-wd-title title\">Ch\u1ee9ng nh\u1eadn qu\u1ed1c t\u1ebf<\/h2>\n\n\n\n<p id=\"wd-e11340b4\" class=\"wp-block-wd-paragraph wd-align\">C\u00e1c&nbsp;s\u1ea3n&nbsp;ph\u1ea9m&nbsp;c\u1ee7a&nbsp;c\u00f4ng ty \u0111\u00e3&nbsp;\u0111\u1ea1t&nbsp;c\u00e1c&nbsp;ti\u00eau&nbsp;chu\u1ea9n ISO 9001:2000, ISO 22000:2005, HACCP v\u00e0&nbsp;c\u00e1c&nbsp;v\u0103n&nbsp;b\u1ea3n&nbsp;ch\u1ee9ng&nbsp;nh\u1eadn&nbsp;v\u1ec7&nbsp;sinh an to\u00e0n&nbsp;th\u1ef1c&nbsp;ph\u1ea9m&nbsp;kh\u00e1c<\/p>\n<\/div>\n<\/div>\n<\/div>\n\n\n\n<div id=\"wd-9a9370f0\" class=\"wp-block-wd-section\">\n<div id=\"wd-2b313a35\" class=\"wp-block-wd-container wd-dir-col wd-animation wd-transform wd-animation-slide-from-bottom wd_delay_100\">\n<h2 id=\"wd-2e799378\" class=\"wp-block-wd-title title wd-align wd-design-simple\"><span>Our Signatures<\/span><\/h2>\n\n\n\n<p id=\"wd-3dffd7d5\" class=\"wp-block-wd-paragraph wd-align\">Traditional Vietnamese food products, made from carefully selected ingredients, ensuring quality and suitability for export to international markets<\/p>\n\n\n\n<div id=\"wd-49791fb0\" class=\"wp-block-wd-row\">\n<div id=\"wd-126d78da\" class=\"wp-block-wd-column wd-animation wd-transform wd-animation-slide-from-left wd_delay_100\">\n<div id=\"wd-4f451470\" class=\"wp-block-wd-image wd-block-image\"><img loading=\"lazy\" decoding=\"async\" width=\"600\" height=\"338\" class=\"wp-image-34629\" src=\"https:\/\/nhathuongfoods.com\/wp-content\/themes\/woodmart\/images\/lazy.svg\" data-src=\"https:\/\/nhathuongfoods.com\/wp-content\/uploads\/2025\/08\/banh-trang-2.jpg\" alt=\"\" srcset=\"\" data-srcset=\"https:\/\/nhathuongfoods.com\/wp-content\/uploads\/2025\/08\/banh-trang-2.jpg 600w, https:\/\/nhathuongfoods.com\/wp-content\/uploads\/2025\/08\/banh-trang-2-400x225.jpg 400w, https:\/\/nhathuongfoods.com\/wp-content\/uploads\/2025\/08\/banh-trang-2-150x85.jpg 150w\" sizes=\"auto, (max-width: 600px) 100vw, 600px\" \/><\/div>\n\n\n\n<h2 id=\"wd-4132dd85\" class=\"wp-block-wd-title title wd-align\">Rice Paper<\/h2>\n\n\n\n<p id=\"wd-47175c21\" class=\"wp-block-wd-paragraph wd-align\"><em>Traditional Vietnamese rice paper &#8211; soft, pliable, easy to roll, perfect for spring rolls, fried rolls, and a variety of signature dishes<\/em><\/p>\n\n\n\n<div id=\"wd-331a7fd5\" class=\"wp-block-wd-container wd-dir-col\">\n<a id=\"wd-f505b819\" class=\"wp-block-wd-button btn btn-style-default btn-color-primary btn-size-extra-small btn-shape-round\" href=\"https:\/\/nhathuongfoods.com\/en\/rice-paper\/\"><span>See MORE<\/span><\/a>\n<\/div>\n<\/div>\n\n\n\n<div id=\"wd-9c551294\" class=\"wp-block-wd-column\">\n<div id=\"wd-93163414\" class=\"wp-block-wd-image wd-block-image\"><img loading=\"lazy\" decoding=\"async\" width=\"600\" height=\"338\" class=\"wp-image-34638\" src=\"https:\/\/nhathuongfoods.com\/wp-content\/themes\/woodmart\/images\/lazy.svg\" data-src=\"https:\/\/nhathuongfoods.com\/wp-content\/uploads\/2025\/08\/pho-1.jpg\" alt=\"Pho Kh\u00f4\" srcset=\"\" data-srcset=\"https:\/\/nhathuongfoods.com\/wp-content\/uploads\/2025\/08\/pho-1.jpg 600w, https:\/\/nhathuongfoods.com\/wp-content\/uploads\/2025\/08\/pho-1-400x225.jpg 400w, https:\/\/nhathuongfoods.com\/wp-content\/uploads\/2025\/08\/pho-1-150x85.jpg 150w\" sizes=\"auto, (max-width: 600px) 100vw, 600px\" \/><\/div>\n\n\n\n<h2 id=\"wd-e3d00153\" class=\"wp-block-wd-title title wd-align\">Noodle &amp; Vermicelli<\/h2>\n\n\n\n<p id=\"wd-da210598\" class=\"wp-block-wd-paragraph wd-align\"><em>Dried vermicelli and dried pho made from carefully selected rice \u2013 smooth, chewy white strands that preserve the authentic Vietnamese taste and easy to cook for a variety of dishes.<\/em><\/p>\n\n\n\n<div id=\"wd-a83f0bc3\" class=\"wp-block-wd-container wd-dir-col\">\n<a id=\"wd-d9ff956a\" class=\"wp-block-wd-button btn btn-style-default btn-color-primary btn-size-extra-small btn-shape-round\" href=\"https:\/\/nhathuongfoods.com\/en\/noodle-vermicelli\/\"><span>See MORE<\/span><\/a>\n<\/div>\n<\/div>\n\n\n\n<div id=\"wd-e985ae75\" class=\"wp-block-wd-column\">\n<div id=\"wd-bc430243\" class=\"wp-block-wd-image wd-block-image wd-animation wd-transform wd-animation-slide-from-left wd_delay_100\"><img loading=\"lazy\" decoding=\"async\" width=\"600\" height=\"338\" class=\"wp-image-34626\" src=\"https:\/\/nhathuongfoods.com\/wp-content\/themes\/woodmart\/images\/lazy.svg\" data-src=\"https:\/\/nhathuongfoods.com\/wp-content\/uploads\/2025\/08\/banh-da.jpg\" alt=\"B\u00e1nh \u0110a M\u00e8\" srcset=\"\" data-srcset=\"https:\/\/nhathuongfoods.com\/wp-content\/uploads\/2025\/08\/banh-da.jpg 600w, https:\/\/nhathuongfoods.com\/wp-content\/uploads\/2025\/08\/banh-da-400x225.jpg 400w, https:\/\/nhathuongfoods.com\/wp-content\/uploads\/2025\/08\/banh-da-150x85.jpg 150w\" sizes=\"auto, (max-width: 600px) 100vw, 600px\" \/><\/div>\n\n\n\n<h2 id=\"wd-39e55d0c\" class=\"wp-block-wd-title title wd-align\">Sesame Cracker<\/h2>\n\n\n\n<p id=\"wd-43548481\" class=\"wp-block-wd-paragraph wd-align\"><em>Crispy sesame rice cracker \u2013 a rustic Vietnamese flavor, enjoyed with noodles, pho, or as an irresistible snack<\/em><\/p>\n\n\n\n<div id=\"wd-260fa3d7\" class=\"wp-block-wd-container wd-dir-col\">\n<a id=\"wd-5e5b60c3\" class=\"wp-block-wd-button btn btn-style-default btn-color-primary btn-size-extra-small btn-shape-round\" href=\"https:\/\/nhathuongfoods.com\/en\/sesame-cracker\/\"><span>See MORE<\/span><\/a>\n<\/div>\n<\/div>\n<\/div>\n<\/div>\n<\/div>\n\n\n\n<div id=\"wd-fad040f8\" class=\"wp-block-wd-container wd-dir-col wd-align wd-align-s-center wd-bg-parent\"><div class=\"wd-bg-overlay\"><\/div>\n<a id=\"wd-69b2adff\" class=\"wp-block-wd-button btn btn-style-bordered btn-color-primary btn-size-default btn-shape-round\" href=\"https:\/\/nhathuongfoods.com\/en\/shop\/\"><span>SEE ALL PRODUCTS<\/span><\/a>\n<\/div>\n\n\n\n<div id=\"wd-ca28dc31\" class=\"wp-block-wd-section wd-bg-parent\"><div class=\"wd-bg-overlay wd-lazy-bg\"><\/div>\n<div id=\"wd-ea67a502\" class=\"wp-block-wd-container wd-dir-col\">\n<h2 id=\"wd-d475e6d2\" class=\"wp-block-wd-title title wd-align\"><strong>Bringing the Essence of Vietnam to the World<\/strong><\/h2>\n\n\n\n<p id=\"wd-b9fd176c\" class=\"wp-block-wd-paragraph wd-align\">Our products have reached markets worldwide, introducing the genuine flavors of Vietnam to global cuisine<\/p>\n\n\n\n<div id=\"wd-513f28a6\" class=\"wp-block-wd-row\">\n<div id=\"wd-4765069c\" class=\"wp-block-wd-column\">\n<p>\ud83c\uddfa\ud83c\uddf8 <strong>United States<\/strong><br>A large and vibrant Vietnamese community<\/p>\n\n\n\n<p><strong><strong>\ud83c\uddf0\ud83c\uddf7 South Korea<\/strong><\/strong><br>The culinary fusion trend with <br>K-food<\/p>\n<\/div>\n\n\n\n<div id=\"wd-c40588c5\" class=\"wp-block-wd-column\">\n<p><strong><strong>\ud83c\udde8\ud83c\udde6 Canada<\/strong><\/strong><br>Distributors of Premium Food Products Worldwide<\/p>\n\n\n\n<p><strong><strong>\ud83c\uddeb\ud83c\uddf7 France<\/strong><\/strong><br>A place that honors the art of fine cuisine.<\/p>\n<\/div>\n\n\n\n<div id=\"wd-a11b3c0b\" class=\"wp-block-wd-column\">\n<p><strong><strong>\ud83c\udde6\ud83c\uddfa Australia<\/strong><\/strong><br>The Asian food market is on the rise<\/p>\n\n\n\n<p><strong><strong>\ud83c\udde9\ud83c\uddea Germany<\/strong><\/strong><br>Central hub for food distribution in Europe<\/p>\n<\/div>\n\n\n\n<div id=\"wd-0d8568d9\" class=\"wp-block-wd-column\">\n<p><strong><strong>\ud83c\uddef\ud83c\uddf5 Japan<\/strong><\/strong><br>Health-conscious consumers<\/p>\n\n\n\n<p><strong><strong>\ud83c\uddf8\ud83c\uddec Singapore<\/strong><\/strong><br>Gateway to Southeast Asia<\/p>\n<\/div>\n<\/div>\n\n\n\n<div class=\"wp-block-columns is-layout-flex wp-container-core-columns-is-layout-9d6595d7 wp-block-columns-is-layout-flex\">\n<div class=\"wp-block-column is-layout-flow wp-block-column-is-layout-flow\"><\/div>\n<\/div>\n<\/div>\n<\/div>\n\n\n\n<p><\/p>\n","protected":false},"excerpt":{"rendered":"","protected":false},"author":1,"featured_media":0,"parent":0,"menu_order":0,"comment_status":"closed","ping_status":"closed","template":"","meta":{"footnotes":""},"class_list":["post-34750","page","type-page","status-publish","hentry"],"_links":{"self":[{"href":"https:\/\/nhathuongfoods.com\/en\/wp-json\/wp\/v2\/pages\/34750","targetHints":{"allow":["GET"]}}],"collection":[{"href":"https:\/\/nhathuongfoods.com\/en\/wp-json\/wp\/v2\/pages"}],"about":[{"href":"https:\/\/nhathuongfoods.com\/en\/wp-json\/wp\/v2\/types\/page"}],"author":[{"embeddable":true,"href":"https:\/\/nhathuongfoods.com\/en\/wp-json\/wp\/v2\/users\/1"}],"replies":[{"embeddable":true,"href":"https:\/\/nhathuongfoods.com\/en\/wp-json\/wp\/v2\/comments?post=34750"}],"version-history":[{"count":5,"href":"https:\/\/nhathuongfoods.com\/en\/wp-json\/wp\/v2\/pages\/34750\/revisions"}],"predecessor-version":[{"id":34809,"href":"https:\/\/nhathuongfoods.com\/en\/wp-json\/wp\/v2\/pages\/34750\/revisions\/34809"}],"wp:attachment":[{"href":"https:\/\/nhathuongfoods.com\/en\/wp-json\/wp\/v2\/media?parent=34750"}],"curies":[{"name":"wp","href":"https:\/\/api.w.org\/{rel}","templated":true}]}}